{"id":794,"date":"2024-04-17T14:42:58","date_gmt":"2024-04-17T14:42:58","guid":{"rendered":"https:\/\/www.saasunia.ch\/home\/"},"modified":"2025-06-20T08:53:04","modified_gmt":"2025-06-20T08:53:04","slug":"home","status":"publish","type":"page","link":"https:\/\/www.saasunia.ch\/fr\/","title":{"rendered":"Home"},"content":{"rendered":"\t\t<div data-elementor-type=\"wp-page\" data-elementor-id=\"794\" class=\"elementor elementor-794 elementor-23\" data-elementor-post-type=\"page\">\n\t\t\t\t<div class=\"elementor-element elementor-element-31ab6ba introimage e-con-full e-flex e-con e-parent\" data-id=\"31ab6ba\" data-element_type=\"container\" data-settings=\"{&quot;background_background&quot;:&quot;classic&quot;}\">\n\t\t\t\t<div class=\"elementor-element elementor-element-bfd6c27 bestprice-btn elementor-widget elementor-widget-image\" data-id=\"bfd6c27\" data-element_type=\"widget\" data-widget_type=\"image.default\">\n\t\t\t\t<div class=\"elementor-widget-container\">\n\t\t\t\t\t\t\t\t\t\t\t\t\t\t\t<img decoding=\"async\" src=\"https:\/\/www.saasunia.ch\/wp-content\/themes\/valpix-child\/assets\/img\/Saasunia-Best-price-button.svg\" title=\"\" alt=\"\" loading=\"lazy\" \/>\t\t\t\t\t\t\t\t\t\t\t\t\t\t\t<\/div>\n\t\t\t\t<\/div>\n\t\t\t\t<div class=\"elementor-element elementor-element-d460a2d elementor--h-position-center elementor--v-position-middle elementor-arrows-position-inside elementor-pagination-position-inside elementor-widget elementor-widget-slides\" data-id=\"d460a2d\" data-element_type=\"widget\" data-settings=\"{&quot;navigation&quot;:&quot;both&quot;,&quot;autoplay&quot;:&quot;yes&quot;,&quot;pause_on_hover&quot;:&quot;yes&quot;,&quot;pause_on_interaction&quot;:&quot;yes&quot;,&quot;autoplay_speed&quot;:5000,&quot;infinite&quot;:&quot;yes&quot;,&quot;transition&quot;:&quot;slide&quot;,&quot;transition_speed&quot;:500}\" data-widget_type=\"slides.default\">\n\t\t\t\t<div class=\"elementor-widget-container\">\n\t\t\t\t\t\t\t\t\t<div class=\"elementor-swiper\">\n\t\t\t\t\t<div class=\"elementor-slides-wrapper elementor-main-swiper swiper\" role=\"region\" aria-roledescription=\"carousel\" aria-label=\"Diapositives\" dir=\"ltr\" data-animation=\"fadeInUp\">\n\t\t\t\t<div class=\"swiper-wrapper elementor-slides\">\n\t\t\t\t\t\t\t\t\t\t<div class=\"elementor-repeater-item-10a1c8a swiper-slide\" role=\"group\" aria-roledescription=\"slide\"><div class=\"swiper-slide-bg\" role=\"img\"><\/div><div class=\"elementor-background-overlay\"><\/div><div class=\"swiper-slide-inner\" ><div class=\"swiper-slide-contents\"><h1 class=\"elementor-slide-heading\">Bienvenue<\/h1><p class=\"elementor-slide-description\">Vos vacances de r\u00eave commencent ici<\/p><\/div><\/div><\/div>\t\t\t\t<\/div>\n\t\t\t\t\t\t\t<\/div>\n\t\t\t\t<\/div>\n\t\t\t\t\t\t\t\t<\/div>\n\t\t\t\t<\/div>\n\t\t\t\t<\/div>\n\t\t<div class=\"elementor-element elementor-element-e18b49f e-con-full e-flex e-con e-parent\" data-id=\"e18b49f\" data-element_type=\"container\">\n\t\t\t\t<div class=\"elementor-element elementor-element-ea127d5 elementor-widget elementor-widget-template\" data-id=\"ea127d5\" data-element_type=\"widget\" data-widget_type=\"template.default\">\n\t\t\t\t<div class=\"elementor-widget-container\">\n\t\t\t\t\t\t\t<div class=\"elementor-template\">\n\t\t\t\t\t<div data-elementor-type=\"container\" data-elementor-id=\"1539\" class=\"elementor elementor-1539\" data-elementor-post-type=\"elementor_library\">\n\t\t\t\t<div class=\"elementor-element elementor-element-74e5e11c bookingbanner e-flex e-con-boxed e-con e-parent\" data-id=\"74e5e11c\" data-element_type=\"container\">\n\t\t\t\t\t<div class=\"e-con-inner\">\n\t\t\t\t<div class=\"elementor-element elementor-element-65121e2 elementor-widget elementor-widget-html\" data-id=\"65121e2\" data-element_type=\"widget\" data-widget_type=\"html.default\">\n\t\t\t\t<div class=\"elementor-widget-container\">\n\t\t\t\t\t <script>\n \tjQuery(function($) {\n \t\t$.datepicker.setDefaults($.datepicker.regional['fr']);\n \t});\n <\/script>\n <div class=\"smallsearchAnfrage\">\n \t<div class=\"eb_smallsearch\">\n \t\t<form autocomplete=\"off\" name='request' id=\"myform\" target=\"_top\">\n \t\t\t<input name=\"cid\" type=\"hidden\" id=\"cid\" value=\"4940\" \/>\n \t\t\t<input name=\"lid\" type=\"hidden\" id=\"lid\" value=\"2\" \/>\n \t\t\t<input name=\"stepOne\" value=\"on\" type=\"hidden\" \/>\n \t\t\t<div class=\"smallsearchForm\">\n \t\t\t\t<div class=\"arrival\">\n \t\t\t\t    <p>Check-In<\/p>\n \t\t\t\t\t<input name=\"arrivalDate\" id=\"arrivalDate\" placeholder=\"Choisir la date\" class=\"datepicker\">\n \t\t\t\t<\/div>\n \t\t\t\t<div class=\"departure\">\n \t\t\t\t    <p>Check-Out<\/p>\n \t\t\t\t\t<input name=\"departureDate\" id=\"departureDate\" placeholder=\"Choisir la date\" class=\"datepicker\">\n \t\t\t\t<\/div>\n \t\t\t\t<div class=\"search\">\n \t\t\t\t\t<input class=\"sendButton\" type=\"submit\" formaction=\"https:\/\/www.saasunia.ch\/fr\/demande-reservation\/\" formmethod=\"get\" value=\"V\u00e9rifier\" id=\"SearchButton\" alt=\"anfrage\">\n \t\t\t\t<\/div>\n \t\t\t<\/div>\n \t\t<\/form>\n \t<\/div>\n <\/div>\n \t\t\t\t<\/div>\n\t\t\t\t<\/div>\n\t\t\t\t<div class=\"elementor-element elementor-element-2db4cca elementor-hidden-desktop elementor-hidden-tablet elementor-hidden-mobile elementor-widget elementor-widget-button\" data-id=\"2db4cca\" data-element_type=\"widget\" data-widget_type=\"button.default\">\n\t\t\t\t<div class=\"elementor-widget-container\">\n\t\t\t\t\t\t\t\t\t<div class=\"elementor-button-wrapper\">\n\t\t\t\t\t<a class=\"elementor-button elementor-button-link elementor-size-sm\" href=\"https:\/\/www.saasunia.ch\/fr\/demande-reservation\/\">\n\t\t\t\t\t\t<span class=\"elementor-button-content-wrapper\">\n\t\t\t\t\t\t\t\t\t<span class=\"elementor-button-text\">V\u00e9rifier les disponibilit\u00e9s<\/span>\n\t\t\t\t\t<\/span>\n\t\t\t\t\t<\/a>\n\t\t\t\t<\/div>\n\t\t\t\t\t\t\t\t<\/div>\n\t\t\t\t<\/div>\n\t\t\t\t\t<\/div>\n\t\t\t\t<\/div>\n\t\t\t\t<\/div>\n\t\t\t\t<\/div>\n\t\t\t\t\t\t<\/div>\n\t\t\t\t<\/div>\n\t\t\t\t<\/div>\n\t\t<section class=\"elementor-element elementor-element-5f8185b e-flex e-con-boxed e-con e-parent\" data-id=\"5f8185b\" data-element_type=\"container\">\n\t\t\t\t\t<div class=\"e-con-inner\">\n\t\t\t\t<div class=\"elementor-element elementor-element-3c51a0a elementor-widget elementor-widget-text-editor\" data-id=\"3c51a0a\" data-element_type=\"widget\" data-widget_type=\"text-editor.default\">\n\t\t\t\t<div class=\"elementor-widget-container\">\n\t\t\t\t\t\t\t\t\t<h1>Bienvenue aux appartements Saasunia<\/h1><p>Laissez le quotidien derri\u00e8re vous et plongez dans l\u2019univers de r\u00eave des montagnes de la vall\u00e9e de Saas avec ses 18 sommets de plus de 4000 m\u00e8tres. Que vous souhaitiez vous d\u00e9tendre au calme ou passer des vacances actives, il y en a pour tous les go\u00fbts. \u00a0<\/p><p>Sentez-vous chez nous et profitez de vos vacances dans l\u2019un de nos appartements g\u00e9n\u00e9reusement am\u00e9nag\u00e9s. Que ce soit \u00e0 deux, en famille ou avec des amis, vous trouverez chez nous l\u2019appartement qui vous convient.<\/p><p>Nous nous r\u00e9jouissons de pouvoir vous accueillir bient\u00f4t chez nous.<\/p><p>Votre\u00a0famille Kalbermatten<\/p>\t\t\t\t\t\t\t\t<\/div>\n\t\t\t\t<\/div>\n\t\t\t\t\t<\/div>\n\t\t\t\t<\/section>\n\t\t<section class=\"elementor-element elementor-element-c50603a e-con-full mapsection e-flex e-con e-parent\" data-id=\"c50603a\" data-element_type=\"container\">\n\t\t\t\t<div class=\"elementor-element elementor-element-2b67b29 elementor-widget elementor-widget-google_maps\" data-id=\"2b67b29\" data-element_type=\"widget\" data-widget_type=\"google_maps.default\">\n\t\t\t\t<div class=\"elementor-widget-container\">\n\t\t\t\t\t\t\t<div class=\"elementor-custom-embed\">\n\t\t\t<iframe loading=\"lazy\"\n\t\t\t\t\tsrc=\"https:\/\/maps.google.com\/maps?q=saasunia&#038;t=m&#038;z=16&#038;output=embed&#038;iwloc=near\"\n\t\t\t\t\ttitle=\"saasunia\"\n\t\t\t\t\taria-label=\"saasunia\"\n\t\t\t><\/iframe>\n\t\t<\/div>\n\t\t\t\t\t\t<\/div>\n\t\t\t\t<\/div>\n\t\t\t\t<\/section>\n\t\t\t\t<\/div>\n\t\t","protected":false},"excerpt":{"rendered":"<p>Bienvenue Vos vacances de r\u00eave commencent ici Bienvenue aux appartements Saasunia Laissez le quotidien derri\u00e8re vous et plongez dans l\u2019univers de r\u00eave des montagnes de la vall\u00e9e de Saas avec ses 18 sommets de plus de 4000 m\u00e8tres. Que vous souhaitiez vous d\u00e9tendre au calme ou passer des vacances actives, il y en a pour [&hellip;]<\/p>\n","protected":false},"author":1,"featured_media":0,"parent":0,"menu_order":0,"comment_status":"closed","ping_status":"closed","template":"","meta":{"footnotes":""},"class_list":["post-794","page","type-page","status-publish","hentry"],"_links":{"self":[{"href":"https:\/\/www.saasunia.ch\/fr\/wp-json\/wp\/v2\/pages\/794","targetHints":{"allow":["GET"]}}],"collection":[{"href":"https:\/\/www.saasunia.ch\/fr\/wp-json\/wp\/v2\/pages"}],"about":[{"href":"https:\/\/www.saasunia.ch\/fr\/wp-json\/wp\/v2\/types\/page"}],"author":[{"embeddable":true,"href":"https:\/\/www.saasunia.ch\/fr\/wp-json\/wp\/v2\/users\/1"}],"replies":[{"embeddable":true,"href":"https:\/\/www.saasunia.ch\/fr\/wp-json\/wp\/v2\/comments?post=794"}],"version-history":[{"count":42,"href":"https:\/\/www.saasunia.ch\/fr\/wp-json\/wp\/v2\/pages\/794\/revisions"}],"predecessor-version":[{"id":2204,"href":"https:\/\/www.saasunia.ch\/fr\/wp-json\/wp\/v2\/pages\/794\/revisions\/2204"}],"wp:attachment":[{"href":"https:\/\/www.saasunia.ch\/fr\/wp-json\/wp\/v2\/media?parent=794"}],"curies":[{"name":"wp","href":"https:\/\/api.w.org\/{rel}","templated":true}]}}