{"id":1328,"date":"2024-05-06T14:15:21","date_gmt":"2024-05-06T14:15:21","guid":{"rendered":"https:\/\/www.saasunia.ch\/impressum\/"},"modified":"2025-07-29T05:32:36","modified_gmt":"2025-07-29T05:32:36","slug":"mentions-legales","status":"publish","type":"page","link":"https:\/\/www.saasunia.ch\/fr\/mentions-legales\/","title":{"rendered":"Mentions l\u00e9gales"},"content":{"rendered":"\t\t<div data-elementor-type=\"wp-page\" data-elementor-id=\"1328\" class=\"elementor elementor-1328 elementor-343\" data-elementor-post-type=\"page\">\n\t\t\t\t<div class=\"elementor-element elementor-element-9b34f24 introimage e-con-full e-flex e-con e-parent\" data-id=\"9b34f24\" data-element_type=\"container\" data-settings=\"{&quot;background_background&quot;:&quot;classic&quot;}\">\n\t\t\t\t<div class=\"elementor-element elementor-element-64a7208 elementor--h-position-center elementor--v-position-middle elementor-arrows-position-inside elementor-pagination-position-inside elementor-widget elementor-widget-slides\" data-id=\"64a7208\" data-element_type=\"widget\" data-settings=\"{&quot;navigation&quot;:&quot;both&quot;,&quot;autoplay&quot;:&quot;yes&quot;,&quot;pause_on_hover&quot;:&quot;yes&quot;,&quot;pause_on_interaction&quot;:&quot;yes&quot;,&quot;autoplay_speed&quot;:5000,&quot;infinite&quot;:&quot;yes&quot;,&quot;transition&quot;:&quot;slide&quot;,&quot;transition_speed&quot;:500}\" data-widget_type=\"slides.default\">\n\t\t\t\t<div class=\"elementor-widget-container\">\n\t\t\t\t\t\t\t\t\t<div class=\"elementor-swiper\">\n\t\t\t\t\t<div class=\"elementor-slides-wrapper elementor-main-swiper swiper\" role=\"region\" aria-roledescription=\"carousel\" aria-label=\"Slider\" dir=\"ltr\" data-animation=\"fadeInUp\">\n\t\t\t\t<div class=\"swiper-wrapper elementor-slides\">\n\t\t\t\t\t\t\t\t\t\t<div class=\"elementor-repeater-item-10a1c8a swiper-slide\" role=\"group\" aria-roledescription=\"slide\"><div class=\"swiper-slide-bg\" role=\"img\"><\/div><div class=\"elementor-background-overlay\"><\/div><div class=\"swiper-slide-inner\" ><div class=\"swiper-slide-contents\"><h1 class=\"elementor-slide-heading\">Mentions l\u00e9gales<\/h1><\/div><\/div><\/div>\t\t\t\t<\/div>\n\t\t\t\t\t\t\t<\/div>\n\t\t\t\t<\/div>\n\t\t\t\t\t\t\t\t<\/div>\n\t\t\t\t<\/div>\n\t\t\t\t<\/div>\n\t\t<div class=\"elementor-element elementor-element-c79f077 e-con-full e-flex e-con e-parent\" data-id=\"c79f077\" data-element_type=\"container\">\n\t\t\t\t<div class=\"elementor-element elementor-element-a15be23 elementor-widget elementor-widget-template\" data-id=\"a15be23\" data-element_type=\"widget\" data-widget_type=\"template.default\">\n\t\t\t\t<div class=\"elementor-widget-container\">\n\t\t\t\t\t\t\t<div class=\"elementor-template\">\n\t\t\t\t\t<div data-elementor-type=\"container\" data-elementor-id=\"1539\" class=\"elementor elementor-1539\" data-elementor-post-type=\"elementor_library\">\n\t\t\t\t<div class=\"elementor-element elementor-element-74e5e11c bookingbanner e-flex e-con-boxed e-con e-parent\" data-id=\"74e5e11c\" data-element_type=\"container\">\n\t\t\t\t\t<div class=\"e-con-inner\">\n\t\t\t\t<div class=\"elementor-element elementor-element-65121e2 elementor-widget elementor-widget-html\" data-id=\"65121e2\" data-element_type=\"widget\" data-widget_type=\"html.default\">\n\t\t\t\t<div class=\"elementor-widget-container\">\n\t\t\t\t\t <script>\n \tjQuery(function($) {\n \t\t$.datepicker.setDefaults($.datepicker.regional['fr']);\n \t});\n <\/script>\n <div class=\"smallsearchAnfrage\">\n \t<div class=\"eb_smallsearch\">\n \t\t<form autocomplete=\"off\" name='request' id=\"myform\" target=\"_top\">\n \t\t\t<input name=\"cid\" type=\"hidden\" id=\"cid\" value=\"4940\" \/>\n \t\t\t<input name=\"lid\" type=\"hidden\" id=\"lid\" value=\"2\" \/>\n \t\t\t<input name=\"stepOne\" value=\"on\" type=\"hidden\" \/>\n \t\t\t<div class=\"smallsearchForm\">\n \t\t\t\t<div class=\"arrival\">\n \t\t\t\t    <p>Check-In<\/p>\n \t\t\t\t\t<input name=\"arrivalDate\" id=\"arrivalDate\" placeholder=\"Choisir la date\" class=\"datepicker\">\n \t\t\t\t<\/div>\n \t\t\t\t<div class=\"departure\">\n \t\t\t\t    <p>Check-Out<\/p>\n \t\t\t\t\t<input name=\"departureDate\" id=\"departureDate\" placeholder=\"Choisir la date\" class=\"datepicker\">\n \t\t\t\t<\/div>\n \t\t\t\t<div class=\"search\">\n \t\t\t\t\t<input class=\"sendButton\" type=\"submit\" formaction=\"https:\/\/www.saasunia.ch\/fr\/demande-reservation\/\" formmethod=\"get\" value=\"V\u00e9rifier\" id=\"SearchButton\" alt=\"anfrage\">\n \t\t\t\t<\/div>\n \t\t\t<\/div>\n \t\t<\/form>\n \t<\/div>\n <\/div>\n \t\t\t\t<\/div>\n\t\t\t\t<\/div>\n\t\t\t\t<div class=\"elementor-element elementor-element-2db4cca elementor-hidden-desktop elementor-hidden-tablet elementor-hidden-mobile elementor-widget elementor-widget-button\" data-id=\"2db4cca\" data-element_type=\"widget\" data-widget_type=\"button.default\">\n\t\t\t\t<div class=\"elementor-widget-container\">\n\t\t\t\t\t\t\t\t\t<div class=\"elementor-button-wrapper\">\n\t\t\t\t\t<a class=\"elementor-button elementor-button-link elementor-size-sm\" href=\"https:\/\/www.saasunia.ch\/fr\/demande-reservation\/\">\n\t\t\t\t\t\t<span class=\"elementor-button-content-wrapper\">\n\t\t\t\t\t\t\t\t\t<span class=\"elementor-button-text\">V\u00e9rifier les disponibilit\u00e9s<\/span>\n\t\t\t\t\t<\/span>\n\t\t\t\t\t<\/a>\n\t\t\t\t<\/div>\n\t\t\t\t\t\t\t\t<\/div>\n\t\t\t\t<\/div>\n\t\t\t\t\t<\/div>\n\t\t\t\t<\/div>\n\t\t\t\t<\/div>\n\t\t\t\t<\/div>\n\t\t\t\t\t\t<\/div>\n\t\t\t\t<\/div>\n\t\t\t\t<\/div>\n\t\t<section class=\"elementor-element elementor-element-a682d36 e-flex e-con-boxed e-con e-parent\" data-id=\"a682d36\" data-element_type=\"container\">\n\t\t\t\t\t<div class=\"e-con-inner\">\n\t\t<div class=\"elementor-element elementor-element-2511c72 e-con-full e-flex e-con e-child\" data-id=\"2511c72\" data-element_type=\"container\">\n\t\t\t\t<div class=\"elementor-element elementor-element-3c51a0a elementor-widget elementor-widget-text-editor\" data-id=\"3c51a0a\" data-element_type=\"widget\" data-widget_type=\"text-editor.default\">\n\t\t\t\t<div class=\"elementor-widget-container\">\n\t\t\t\t\t\t\t\t\t<h1>Mentions l\u00e9gales<\/h1><h3>Responsable du contenu<\/h3><p>Apartments Saasunia<br \/>Familie Judith &amp; Martin Kalbermatten<br \/>Innere Saastalstrasse 85<br \/>3910 Saas-Grund<br \/>Suisse<\/p><p>E-Mail: <a href=\"mailto:info@saasunia.ch\">info@saasunia.ch<\/a><\/p><h3>Conception et d\u00e9veloppement de sites web<\/h3><p>Valpix GmbH<br \/>Kehrstrasse 12<br \/>3904 Naters<\/p><p>Telefon: +41 27 924 60 82<br \/>E-Mail:\u00a0<a href=\"mailto:info@valpix.ch\">\u2028info@valpix.ch<\/a><br \/>Website:\u00a0<a href=\"https:\/\/www.valpix.ch\/\" target=\"_blank\" rel=\"noopener noreferrer\">www.valpix.ch<\/a><\/p><h3>Images Copyright<\/h3><p><strong>Les images des pages \u00ab Destination \u00bb et \u00ab Acc\u00e8s \u00bb proviennent du site web suivant :<\/strong><br \/><a href=\"https:\/\/saas-fee.frontify.com\/d\/hx44oiKGX1FR\/saas-fee-saastal-media-library\" target=\"_blank\" rel=\"noopener\">Saas-Fee \/ Saastal Media Library<\/a><\/p><p>Tous les droits, en particulier les droits d&rsquo;auteur, restent la propri\u00e9t\u00e9 de Saastal Tourismus AG, respectivement des d\u00e9tenteurs des droits correspondants..<\/p><h3>Avis de responsabilit\u00e9<\/h3><p>Le contenu de ces pages web est mis \u00e0 jour avec le plus grand soin. N\u00e9anmoins, aucune responsabilit\u00e9 n&rsquo;est assum\u00e9e pour le contenu. Sous r\u00e9serve de fautes d&rsquo;impression, d&rsquo;erreurs et de modifications. Le contenu est prot\u00e9g\u00e9 par les droits d&rsquo;auteur. Nous n&rsquo;assumons aucune responsabilit\u00e9 pour le contenu des liens externes. Seuls les exploitants des pages li\u00e9es sont responsables de leur contenu.<\/p>\t\t\t\t\t\t\t\t<\/div>\n\t\t\t\t<\/div>\n\t\t\t\t<\/div>\n\t\t\t\t\t<\/div>\n\t\t\t\t<\/section>\n\t\t\t\t<\/div>\n\t\t","protected":false},"excerpt":{"rendered":"<p>Mentions l\u00e9gales Mentions l\u00e9gales Responsable du contenu Apartments SaasuniaFamilie Judith &amp; Martin KalbermattenInnere Saastalstrasse 853910 Saas-GrundSuisse E-Mail: info@saasunia.ch Conception et d\u00e9veloppement de sites web Valpix GmbHKehrstrasse 123904 Naters Telefon: +41 27 924 60 82E-Mail:\u00a0\u2028info@valpix.chWebsite:\u00a0www.valpix.ch Images Copyright Les images des pages \u00ab Destination \u00bb et \u00ab Acc\u00e8s \u00bb proviennent du site web suivant :Saas-Fee \/ Saastal [&hellip;]<\/p>\n","protected":false},"author":1,"featured_media":0,"parent":0,"menu_order":0,"comment_status":"closed","ping_status":"closed","template":"","meta":{"footnotes":""},"class_list":["post-1328","page","type-page","status-publish","hentry"],"_links":{"self":[{"href":"https:\/\/www.saasunia.ch\/fr\/wp-json\/wp\/v2\/pages\/1328","targetHints":{"allow":["GET"]}}],"collection":[{"href":"https:\/\/www.saasunia.ch\/fr\/wp-json\/wp\/v2\/pages"}],"about":[{"href":"https:\/\/www.saasunia.ch\/fr\/wp-json\/wp\/v2\/types\/page"}],"author":[{"embeddable":true,"href":"https:\/\/www.saasunia.ch\/fr\/wp-json\/wp\/v2\/users\/1"}],"replies":[{"embeddable":true,"href":"https:\/\/www.saasunia.ch\/fr\/wp-json\/wp\/v2\/comments?post=1328"}],"version-history":[{"count":16,"href":"https:\/\/www.saasunia.ch\/fr\/wp-json\/wp\/v2\/pages\/1328\/revisions"}],"predecessor-version":[{"id":2486,"href":"https:\/\/www.saasunia.ch\/fr\/wp-json\/wp\/v2\/pages\/1328\/revisions\/2486"}],"wp:attachment":[{"href":"https:\/\/www.saasunia.ch\/fr\/wp-json\/wp\/v2\/media?parent=1328"}],"curies":[{"name":"wp","href":"https:\/\/api.w.org\/{rel}","templated":true}]}}