{"id":1193,"date":"2024-04-18T09:49:53","date_gmt":"2024-04-18T09:49:53","guid":{"rendered":"https:\/\/www.saasunia.ch\/apartment-standard\/"},"modified":"2025-06-20T09:29:01","modified_gmt":"2025-06-20T09:29:01","slug":"appartement-standard","status":"publish","type":"page","link":"https:\/\/www.saasunia.ch\/fr\/appartements\/appartement-standard\/","title":{"rendered":"Appartement Standard"},"content":{"rendered":"\t\t<div data-elementor-type=\"wp-page\" data-elementor-id=\"1193\" class=\"elementor elementor-1193 elementor-196\" data-elementor-post-type=\"page\">\n\t\t\t\t<div class=\"elementor-element elementor-element-ad2167d introimage e-con-full e-flex e-con e-parent\" data-id=\"ad2167d\" data-element_type=\"container\" data-settings=\"{&quot;background_background&quot;:&quot;classic&quot;}\">\n\t\t\t\t<div class=\"elementor-element elementor-element-abc1362 elementor--h-position-center elementor--v-position-middle elementor-arrows-position-inside elementor-pagination-position-inside elementor-widget elementor-widget-slides\" data-id=\"abc1362\" data-element_type=\"widget\" data-settings=\"{&quot;navigation&quot;:&quot;both&quot;,&quot;autoplay&quot;:&quot;yes&quot;,&quot;pause_on_hover&quot;:&quot;yes&quot;,&quot;pause_on_interaction&quot;:&quot;yes&quot;,&quot;autoplay_speed&quot;:5000,&quot;infinite&quot;:&quot;yes&quot;,&quot;transition&quot;:&quot;slide&quot;,&quot;transition_speed&quot;:500}\" data-widget_type=\"slides.default\">\n\t\t\t\t<div class=\"elementor-widget-container\">\n\t\t\t\t\t\t\t\t\t<div class=\"elementor-swiper\">\n\t\t\t\t\t<div class=\"elementor-slides-wrapper elementor-main-swiper swiper\" role=\"region\" aria-roledescription=\"carousel\" aria-label=\"Diapositives\" dir=\"ltr\" data-animation=\"fadeInUp\">\n\t\t\t\t<div class=\"swiper-wrapper elementor-slides\">\n\t\t\t\t\t\t\t\t\t\t<div class=\"elementor-repeater-item-10a1c8a swiper-slide\" role=\"group\" aria-roledescription=\"slide\"><div class=\"swiper-slide-bg\" role=\"img\"><\/div><div class=\"elementor-background-overlay\"><\/div><div class=\"swiper-slide-inner\" ><div class=\"swiper-slide-contents\"><h1 class=\"elementor-slide-heading\">Appartement Standard<\/h1><p class=\"elementor-slide-description\">Confortable appartement mansard\u00e9 avec beaucoup de charme<\/p><\/div><\/div><\/div>\t\t\t\t<\/div>\n\t\t\t\t\t\t\t<\/div>\n\t\t\t\t<\/div>\n\t\t\t\t\t\t\t\t<\/div>\n\t\t\t\t<\/div>\n\t\t\t\t<\/div>\n\t\t<div class=\"elementor-element elementor-element-a6fd044 e-con-full e-flex e-con e-parent\" data-id=\"a6fd044\" data-element_type=\"container\">\n\t\t\t\t<div class=\"elementor-element elementor-element-94e5864 elementor-widget elementor-widget-template\" data-id=\"94e5864\" data-element_type=\"widget\" data-widget_type=\"template.default\">\n\t\t\t\t<div class=\"elementor-widget-container\">\n\t\t\t\t\t\t\t<div class=\"elementor-template\">\n\t\t\t\t\t<div data-elementor-type=\"container\" data-elementor-id=\"1539\" class=\"elementor elementor-1539\" data-elementor-post-type=\"elementor_library\">\n\t\t\t\t<div class=\"elementor-element elementor-element-74e5e11c bookingbanner e-flex e-con-boxed e-con e-parent\" data-id=\"74e5e11c\" data-element_type=\"container\">\n\t\t\t\t\t<div class=\"e-con-inner\">\n\t\t\t\t<div class=\"elementor-element elementor-element-65121e2 elementor-widget elementor-widget-html\" data-id=\"65121e2\" data-element_type=\"widget\" data-widget_type=\"html.default\">\n\t\t\t\t<div class=\"elementor-widget-container\">\n\t\t\t\t\t <script>\n \tjQuery(function($) {\n \t\t$.datepicker.setDefaults($.datepicker.regional['fr']);\n \t});\n <\/script>\n <div class=\"smallsearchAnfrage\">\n \t<div class=\"eb_smallsearch\">\n \t\t<form autocomplete=\"off\" name='request' id=\"myform\" target=\"_top\">\n \t\t\t<input name=\"cid\" type=\"hidden\" id=\"cid\" value=\"4940\" \/>\n \t\t\t<input name=\"lid\" type=\"hidden\" id=\"lid\" value=\"2\" \/>\n \t\t\t<input name=\"stepOne\" value=\"on\" type=\"hidden\" \/>\n \t\t\t<div class=\"smallsearchForm\">\n \t\t\t\t<div class=\"arrival\">\n \t\t\t\t    <p>Check-In<\/p>\n \t\t\t\t\t<input name=\"arrivalDate\" id=\"arrivalDate\" placeholder=\"Choisir la date\" class=\"datepicker\">\n \t\t\t\t<\/div>\n \t\t\t\t<div class=\"departure\">\n \t\t\t\t    <p>Check-Out<\/p>\n \t\t\t\t\t<input name=\"departureDate\" id=\"departureDate\" placeholder=\"Choisir la date\" class=\"datepicker\">\n \t\t\t\t<\/div>\n \t\t\t\t<div class=\"search\">\n \t\t\t\t\t<input class=\"sendButton\" type=\"submit\" formaction=\"https:\/\/www.saasunia.ch\/fr\/demande-reservation\/\" formmethod=\"get\" value=\"V\u00e9rifier\" id=\"SearchButton\" alt=\"anfrage\">\n \t\t\t\t<\/div>\n \t\t\t<\/div>\n \t\t<\/form>\n \t<\/div>\n <\/div>\n \t\t\t\t<\/div>\n\t\t\t\t<\/div>\n\t\t\t\t<div class=\"elementor-element elementor-element-2db4cca elementor-hidden-desktop elementor-hidden-tablet elementor-hidden-mobile elementor-widget elementor-widget-button\" data-id=\"2db4cca\" data-element_type=\"widget\" data-widget_type=\"button.default\">\n\t\t\t\t<div class=\"elementor-widget-container\">\n\t\t\t\t\t\t\t\t\t<div class=\"elementor-button-wrapper\">\n\t\t\t\t\t<a class=\"elementor-button elementor-button-link elementor-size-sm\" href=\"https:\/\/www.saasunia.ch\/fr\/demande-reservation\/\">\n\t\t\t\t\t\t<span class=\"elementor-button-content-wrapper\">\n\t\t\t\t\t\t\t\t\t<span class=\"elementor-button-text\">V\u00e9rifier les disponibilit\u00e9s<\/span>\n\t\t\t\t\t<\/span>\n\t\t\t\t\t<\/a>\n\t\t\t\t<\/div>\n\t\t\t\t\t\t\t\t<\/div>\n\t\t\t\t<\/div>\n\t\t\t\t\t<\/div>\n\t\t\t\t<\/div>\n\t\t\t\t<\/div>\n\t\t\t\t<\/div>\n\t\t\t\t\t\t<\/div>\n\t\t\t\t<\/div>\n\t\t\t\t<\/div>\n\t\t<section class=\"elementor-element elementor-element-c3ed611 e-flex e-con-boxed e-con e-parent\" data-id=\"c3ed611\" data-element_type=\"container\">\n\t\t\t\t\t<div class=\"e-con-inner\">\n\t\t<div class=\"elementor-element elementor-element-2c0be85 e-con-full e-flex e-con e-child\" data-id=\"2c0be85\" data-element_type=\"container\">\n\t\t<div class=\"elementor-element elementor-element-60ed6ce e-flex e-con-boxed e-con e-child\" data-id=\"60ed6ce\" data-element_type=\"container\" data-settings=\"{&quot;sticky_parent&quot;:&quot;yes&quot;,&quot;sticky&quot;:&quot;top&quot;,&quot;sticky_on&quot;:[&quot;desktop&quot;,&quot;tablet&quot;,&quot;mobile&quot;],&quot;sticky_offset&quot;:0,&quot;sticky_effects_offset&quot;:0,&quot;sticky_anchor_link_offset&quot;:0}\">\n\t\t\t\t\t<div class=\"e-con-inner\">\n\t\t\t\t<div class=\"elementor-element elementor-element-faf609a elementor-arrows-position-inside elementor-widget elementor-widget-image-carousel\" data-id=\"faf609a\" data-element_type=\"widget\" data-settings=\"{&quot;slides_to_show&quot;:&quot;1&quot;,&quot;navigation&quot;:&quot;arrows&quot;,&quot;lazyload&quot;:&quot;yes&quot;,&quot;autoplay&quot;:&quot;yes&quot;,&quot;pause_on_hover&quot;:&quot;yes&quot;,&quot;pause_on_interaction&quot;:&quot;yes&quot;,&quot;autoplay_speed&quot;:5000,&quot;infinite&quot;:&quot;yes&quot;,&quot;effect&quot;:&quot;slide&quot;,&quot;speed&quot;:500}\" data-widget_type=\"image-carousel.default\">\n\t\t\t\t<div class=\"elementor-widget-container\">\n\t\t\t\t\t\t\t<div class=\"elementor-image-carousel-wrapper swiper\" role=\"region\" aria-roledescription=\"carousel\" aria-label=\"Carrousel d\u2019images\" dir=\"ltr\">\n\t\t\t<div class=\"elementor-image-carousel swiper-wrapper\" aria-live=\"off\">\n\t\t\t\t\t\t\t\t<div class=\"swiper-slide\" role=\"group\" aria-roledescription=\"slide\" aria-label=\"1 sur 11\"><a data-elementor-open-lightbox=\"yes\" data-elementor-lightbox-slideshow=\"faf609a\" data-e-action-hash=\"#elementor-action%3Aaction%3Dlightbox%26settings%3DeyJpZCI6IjIzNzYiLCJ1cmwiOiJodHRwczpcL1wvd3d3LnNhYXN1bmlhLmNoXC93cC1jb250ZW50XC91cGxvYWRzXC8yMDI1XC8wNlwvU3RhbmRhcmQtNC1zY2FsZWQtMS5qcGciLCJzbGlkZXNob3ciOiJmYWY2MDlhIn0%3D\" href=\"https:\/\/www.saasunia.ch\/wp-content\/uploads\/2025\/06\/Standard-4-scaled-1.jpg\"><figure class=\"swiper-slide-inner\"><img class=\"swiper-slide-image swiper-lazy\" data-src=\"https:\/\/www.saasunia.ch\/wp-content\/uploads\/elementor\/thumbs\/Standard-4-scaled-1-r7kwdh0yzj4er0bjqhptsoty843kqj0sdwh7qy2f1o.jpg\" alt=\"Standard-4-scaled-1.jpg\" \/><div class=\"swiper-lazy-preloader\"><\/div><\/figure><\/a><\/div><div class=\"swiper-slide\" role=\"group\" aria-roledescription=\"slide\" aria-label=\"2 sur 11\"><a data-elementor-open-lightbox=\"yes\" data-elementor-lightbox-slideshow=\"faf609a\" data-e-action-hash=\"#elementor-action%3Aaction%3Dlightbox%26settings%3DeyJpZCI6IjIzNzkiLCJ1cmwiOiJodHRwczpcL1wvd3d3LnNhYXN1bmlhLmNoXC93cC1jb250ZW50XC91cGxvYWRzXC8yMDI1XC8wNlwvU3RhbmRhcmQtNS1zY2FsZWQtMS5qcGciLCJzbGlkZXNob3ciOiJmYWY2MDlhIn0%3D\" href=\"https:\/\/www.saasunia.ch\/wp-content\/uploads\/2025\/06\/Standard-5-scaled-1.jpg\"><figure class=\"swiper-slide-inner\"><img class=\"swiper-slide-image swiper-lazy\" data-src=\"https:\/\/www.saasunia.ch\/wp-content\/uploads\/elementor\/thumbs\/Standard-5-scaled-1-r7kwdiwnd76ze88tfij2xocvevub5x8925s6phzmp8.jpg\" alt=\"Standard-5-scaled-1.jpg\" \/><div class=\"swiper-lazy-preloader\"><\/div><\/figure><\/a><\/div><div class=\"swiper-slide\" role=\"group\" aria-roledescription=\"slide\" aria-label=\"3 sur 11\"><a data-elementor-open-lightbox=\"yes\" data-elementor-lightbox-slideshow=\"faf609a\" data-e-action-hash=\"#elementor-action%3Aaction%3Dlightbox%26settings%3DeyJpZCI6IjIzODIiLCJ1cmwiOiJodHRwczpcL1wvd3d3LnNhYXN1bmlhLmNoXC93cC1jb250ZW50XC91cGxvYWRzXC8yMDI1XC8wNlwvU3RhbmRhcmQtNi1zY2FsZWQtMS5qcGciLCJzbGlkZXNob3ciOiJmYWY2MDlhIn0%3D\" href=\"https:\/\/www.saasunia.ch\/wp-content\/uploads\/2025\/06\/Standard-6-scaled-1.jpg\"><figure class=\"swiper-slide-inner\"><img class=\"swiper-slide-image swiper-lazy\" data-src=\"https:\/\/www.saasunia.ch\/wp-content\/uploads\/elementor\/thumbs\/Standard-6-scaled-1-r7kwdksbqv9k1g634jcc2nvslnl1lbfpqf35o1wucs.jpg\" alt=\"Standard-6-scaled-1.jpg\" \/><div class=\"swiper-lazy-preloader\"><\/div><\/figure><\/a><\/div><div class=\"swiper-slide\" role=\"group\" aria-roledescription=\"slide\" aria-label=\"4 sur 11\"><a data-elementor-open-lightbox=\"yes\" data-elementor-lightbox-slideshow=\"faf609a\" data-e-action-hash=\"#elementor-action%3Aaction%3Dlightbox%26settings%3DeyJpZCI6IjIzODUiLCJ1cmwiOiJodHRwczpcL1wvd3d3LnNhYXN1bmlhLmNoXC93cC1jb250ZW50XC91cGxvYWRzXC8yMDI1XC8wNlwvU3RhbmRhcmQtMy1zY2FsZWQtMi5qcGciLCJzbGlkZXNob3ciOiJmYWY2MDlhIn0%3D\" href=\"https:\/\/www.saasunia.ch\/wp-content\/uploads\/2025\/06\/Standard-3-scaled-2.jpg\"><figure class=\"swiper-slide-inner\"><img class=\"swiper-slide-image swiper-lazy\" data-src=\"https:\/\/www.saasunia.ch\/wp-content\/uploads\/elementor\/thumbs\/Standard-3-scaled-2-r7kwdmo04jc4oo3ctk5l7nepsfbs0pn6eoe4mlu20c.jpg\" alt=\"Standard-3-scaled-2.jpg\" \/><div class=\"swiper-lazy-preloader\"><\/div><\/figure><\/a><\/div><div class=\"swiper-slide\" role=\"group\" aria-roledescription=\"slide\" aria-label=\"5 sur 11\"><a data-elementor-open-lightbox=\"yes\" data-elementor-lightbox-slideshow=\"faf609a\" data-e-action-hash=\"#elementor-action%3Aaction%3Dlightbox%26settings%3DeyJpZCI6IjIzODgiLCJ1cmwiOiJodHRwczpcL1wvd3d3LnNhYXN1bmlhLmNoXC93cC1jb250ZW50XC91cGxvYWRzXC8yMDI1XC8wNlwvU3RhbmRhcmQtMi1zY2FsZWQtMi5qcGciLCJzbGlkZXNob3ciOiJmYWY2MDlhIn0%3D\" href=\"https:\/\/www.saasunia.ch\/wp-content\/uploads\/2025\/06\/Standard-2-scaled-2.jpg\"><figure class=\"swiper-slide-inner\"><img class=\"swiper-slide-image swiper-lazy\" data-src=\"https:\/\/www.saasunia.ch\/wp-content\/uploads\/elementor\/thumbs\/Standard-2-scaled-2-r7kwdojoi7epbw0mikyucmxmz72ig3un2xp3l5r9nw.jpg\" alt=\"Standard-2-scaled-2.jpg\" \/><div class=\"swiper-lazy-preloader\"><\/div><\/figure><\/a><\/div><div class=\"swiper-slide\" role=\"group\" aria-roledescription=\"slide\" aria-label=\"6 sur 11\"><a data-elementor-open-lightbox=\"yes\" data-elementor-lightbox-slideshow=\"faf609a\" data-e-action-hash=\"#elementor-action%3Aaction%3Dlightbox%26settings%3DeyJpZCI6IjIzOTEiLCJ1cmwiOiJodHRwczpcL1wvd3d3LnNhYXN1bmlhLmNoXC93cC1jb250ZW50XC91cGxvYWRzXC8yMDI1XC8wNlwvU3RhbmRhcmQtMS1zY2FsZWQtMi5qcGciLCJzbGlkZXNob3ciOiJmYWY2MDlhIn0%3D\" href=\"https:\/\/www.saasunia.ch\/wp-content\/uploads\/2025\/06\/Standard-1-scaled-2.jpg\"><figure class=\"swiper-slide-inner\"><img class=\"swiper-slide-image swiper-lazy\" data-src=\"https:\/\/www.saasunia.ch\/wp-content\/uploads\/elementor\/thumbs\/Standard-1-scaled-2-r7kwdqfcvvh9z3xw7ls3hmgk5yt8vi23r702jpohbg.jpg\" alt=\"Standard-1-scaled-2.jpg\" \/><div class=\"swiper-lazy-preloader\"><\/div><\/figure><\/a><\/div><div class=\"swiper-slide\" role=\"group\" aria-roledescription=\"slide\" aria-label=\"7 sur 11\"><a data-elementor-open-lightbox=\"yes\" data-elementor-lightbox-slideshow=\"faf609a\" data-e-action-hash=\"#elementor-action%3Aaction%3Dlightbox%26settings%3DeyJpZCI6IjIzOTQiLCJ1cmwiOiJodHRwczpcL1wvd3d3LnNhYXN1bmlhLmNoXC93cC1jb250ZW50XC91cGxvYWRzXC8yMDI1XC8wNlwvU3RhbmRhcmQtNy1zY2FsZWQtMi5qcGciLCJzbGlkZXNob3ciOiJmYWY2MDlhIn0%3D\" href=\"https:\/\/www.saasunia.ch\/wp-content\/uploads\/2025\/06\/Standard-7-scaled-2.jpg\"><figure class=\"swiper-slide-inner\"><img class=\"swiper-slide-image swiper-lazy\" data-src=\"https:\/\/www.saasunia.ch\/wp-content\/uploads\/elementor\/thumbs\/Standard-7-scaled-2-r7kwdsb19jjumbv5wmlcmlzhcqjzaw9kfgb1i9loz0.jpg\" alt=\"Standard-7-scaled-2.jpg\" \/><div class=\"swiper-lazy-preloader\"><\/div><\/figure><\/a><\/div><div class=\"swiper-slide\" role=\"group\" aria-roledescription=\"slide\" aria-label=\"8 sur 11\"><a data-elementor-open-lightbox=\"yes\" data-elementor-lightbox-slideshow=\"faf609a\" data-e-action-hash=\"#elementor-action%3Aaction%3Dlightbox%26settings%3DeyJpZCI6IjIzOTciLCJ1cmwiOiJodHRwczpcL1wvd3d3LnNhYXN1bmlhLmNoXC93cC1jb250ZW50XC91cGxvYWRzXC8yMDI1XC8wNlwvU3RhbmRhcmQtOC1zY2FsZWQtMi5qcGciLCJzbGlkZXNob3ciOiJmYWY2MDlhIn0%3D\" href=\"https:\/\/www.saasunia.ch\/wp-content\/uploads\/2025\/06\/Standard-8-scaled-2.jpg\"><figure class=\"swiper-slide-inner\"><img class=\"swiper-slide-image swiper-lazy\" data-src=\"https:\/\/www.saasunia.ch\/wp-content\/uploads\/elementor\/thumbs\/Standard-8-scaled-2-r7kwdu6pn7mf9jsflnelrliejiapqah13pm0gtiwmk.jpg\" alt=\"Standard-8-scaled-2.jpg\" \/><div class=\"swiper-lazy-preloader\"><\/div><\/figure><\/a><\/div><div class=\"swiper-slide\" role=\"group\" aria-roledescription=\"slide\" aria-label=\"9 sur 11\"><a data-elementor-open-lightbox=\"yes\" data-elementor-lightbox-slideshow=\"faf609a\" data-e-action-hash=\"#elementor-action%3Aaction%3Dlightbox%26settings%3DeyJpZCI6IjI0MDAiLCJ1cmwiOiJodHRwczpcL1wvd3d3LnNhYXN1bmlhLmNoXC93cC1jb250ZW50XC91cGxvYWRzXC8yMDI1XC8wNlwvU3RhbmRhcmQtMTAtc2NhbGVkLTIuanBnIiwic2xpZGVzaG93IjoiZmFmNjA5YSJ9\" href=\"https:\/\/www.saasunia.ch\/wp-content\/uploads\/2025\/06\/Standard-10-scaled-2.jpg\"><figure class=\"swiper-slide-inner\"><img class=\"swiper-slide-image swiper-lazy\" data-src=\"https:\/\/www.saasunia.ch\/wp-content\/uploads\/elementor\/thumbs\/Standard-10-scaled-2-r7kwdw2e0vozwrppao7uwl1bqa1g5oohrywzfdg4a4.jpg\" alt=\"Standard-10-scaled-2.jpg\" \/><div class=\"swiper-lazy-preloader\"><\/div><\/figure><\/a><\/div><div class=\"swiper-slide\" role=\"group\" aria-roledescription=\"slide\" aria-label=\"10 sur 11\"><a data-elementor-open-lightbox=\"yes\" data-elementor-lightbox-slideshow=\"faf609a\" data-e-action-hash=\"#elementor-action%3Aaction%3Dlightbox%26settings%3DeyJpZCI6IjI0MDMiLCJ1cmwiOiJodHRwczpcL1wvd3d3LnNhYXN1bmlhLmNoXC93cC1jb250ZW50XC91cGxvYWRzXC8yMDI1XC8wNlwvU3RhbmRhcmQtMTEtc2NhbGVkLTIuanBnIiwic2xpZGVzaG93IjoiZmFmNjA5YSJ9\" href=\"https:\/\/www.saasunia.ch\/wp-content\/uploads\/2025\/06\/Standard-11-scaled-2.jpg\"><figure class=\"swiper-slide-inner\"><img class=\"swiper-slide-image swiper-lazy\" data-src=\"https:\/\/www.saasunia.ch\/wp-content\/uploads\/elementor\/thumbs\/Standard-11-scaled-2-r7kwdyvwldsuvlllu7fqm2bpifnjsrzoscvfv7bxrg.jpg\" alt=\"Standard-11-scaled-2.jpg\" \/><div class=\"swiper-lazy-preloader\"><\/div><\/figure><\/a><\/div><div class=\"swiper-slide\" role=\"group\" aria-roledescription=\"slide\" aria-label=\"11 sur 11\"><a data-elementor-open-lightbox=\"yes\" data-elementor-lightbox-slideshow=\"faf609a\" data-e-action-hash=\"#elementor-action%3Aaction%3Dlightbox%26settings%3DeyJpZCI6IjI0MDYiLCJ1cmwiOiJodHRwczpcL1wvd3d3LnNhYXN1bmlhLmNoXC93cC1jb250ZW50XC91cGxvYWRzXC8yMDI1XC8wNlwvU3RhbmRhcmQtMTItc2NhbGVkLTIuanBnIiwic2xpZGVzaG93IjoiZmFmNjA5YSJ9\" href=\"https:\/\/www.saasunia.ch\/wp-content\/uploads\/2025\/06\/Standard-12-scaled-2.jpg\"><figure class=\"swiper-slide-inner\"><img class=\"swiper-slide-image swiper-lazy\" data-src=\"https:\/\/www.saasunia.ch\/wp-content\/uploads\/elementor\/thumbs\/Standard-12-scaled-2-r7kwe0rkz1vfitivj88zr1ump7ea8675gm6etr95f0.jpg\" alt=\"Standard-12-scaled-2.jpg\" \/><div class=\"swiper-lazy-preloader\"><\/div><\/figure><\/a><\/div>\t\t\t<\/div>\n\t\t\t\t\t\t\t\t\t\t\t\t<div class=\"elementor-swiper-button elementor-swiper-button-prev\" role=\"button\" tabindex=\"0\">\n\t\t\t\t\t\t<svg aria-hidden=\"true\" class=\"e-font-icon-svg e-eicon-chevron-left\" viewBox=\"0 0 1000 1000\" xmlns=\"http:\/\/www.w3.org\/2000\/svg\"><path d=\"M646 125C629 125 613 133 604 142L308 442C296 454 292 471 292 487 292 504 296 521 308 533L604 854C617 867 629 875 646 875 663 875 679 871 692 858 704 846 713 829 713 812 713 796 708 779 692 767L438 487 692 225C700 217 708 204 708 187 708 171 704 154 692 142 675 129 663 125 646 125Z\"><\/path><\/svg>\t\t\t\t\t<\/div>\n\t\t\t\t\t<div class=\"elementor-swiper-button elementor-swiper-button-next\" role=\"button\" tabindex=\"0\">\n\t\t\t\t\t\t<svg aria-hidden=\"true\" class=\"e-font-icon-svg e-eicon-chevron-right\" viewBox=\"0 0 1000 1000\" xmlns=\"http:\/\/www.w3.org\/2000\/svg\"><path d=\"M696 533C708 521 713 504 713 487 713 471 708 454 696 446L400 146C388 133 375 125 354 125 338 125 325 129 313 142 300 154 292 171 292 187 292 204 296 221 308 233L563 492 304 771C292 783 288 800 288 817 288 833 296 850 308 863 321 871 338 875 354 875 371 875 388 867 400 854L696 533Z\"><\/path><\/svg>\t\t\t\t\t<\/div>\n\t\t\t\t\n\t\t\t\t\t\t\t\t\t<\/div>\n\t\t\t\t\t\t<\/div>\n\t\t\t\t<\/div>\n\t\t\t\t<div class=\"elementor-element elementor-element-fb1c8ac elementor-widget elementor-widget-image\" data-id=\"fb1c8ac\" data-element_type=\"widget\" data-widget_type=\"image.default\">\n\t\t\t\t<div class=\"elementor-widget-container\">\n\t\t\t\t\t\t\t\t\t\t\t\t\t\t\t<img fetchpriority=\"high\" decoding=\"async\" width=\"800\" height=\"590\" src=\"https:\/\/www.saasunia.ch\/wp-content\/uploads\/2025\/06\/Saasunia-Grundriss-folgt-1024x755.jpg\" class=\"attachment-large size-large wp-image-2310\" alt=\"\" srcset=\"https:\/\/www.saasunia.ch\/wp-content\/uploads\/2025\/06\/Saasunia-Grundriss-folgt-1024x755.jpg 1024w, https:\/\/www.saasunia.ch\/wp-content\/uploads\/2025\/06\/Saasunia-Grundriss-folgt-300x221.jpg 300w, https:\/\/www.saasunia.ch\/wp-content\/uploads\/2025\/06\/Saasunia-Grundriss-folgt-768x566.jpg 768w, https:\/\/www.saasunia.ch\/wp-content\/uploads\/2025\/06\/Saasunia-Grundriss-folgt.jpg 1500w\" sizes=\"(max-width: 800px) 100vw, 800px\" \/>\t\t\t\t\t\t\t\t\t\t\t\t\t\t\t<\/div>\n\t\t\t\t<\/div>\n\t\t\t\t\t<\/div>\n\t\t\t\t<\/div>\n\t\t\t\t<\/div>\n\t\t<div class=\"elementor-element elementor-element-89a7128 e-con-full roomequipment e-flex e-con e-child\" data-id=\"89a7128\" data-element_type=\"container\">\n\t\t\t\t<div class=\"elementor-element elementor-element-3c51a0a elementor-widget elementor-widget-text-editor\" data-id=\"3c51a0a\" data-element_type=\"widget\" data-widget_type=\"text-editor.default\">\n\t\t\t\t<div class=\"elementor-widget-container\">\n\t\t\t\t\t\t\t\t\t<h4>Equipement<\/h4><ul><li>Appartement de 3 \u00bd pi\u00e8ces au dernier \u00e9tage pour max. 5 personnes<br \/>(80 m<sup>2<\/sup>)<\/li><\/ul><h4>Habiter<\/h4><ul><li>Salle de s\u00e9jour avec canap\u00e9<\/li><li>Lit pliant mural<\/li><li>TV \u00e0 \u00e9cran plat avec SAT-TV<\/li><li>WIFI<\/li><li>Jeux pour les enfants et jeux de soci\u00e9t\u00e9<\/li><\/ul><h4>Cuisine<\/h4><ul><li>Table \u00e0 manger avec banquette<\/li><li>Four<\/li><li>Table de cuisson<\/li><li>R\u00e9frig\u00e9rateur avec compartiment cong\u00e9lateur<\/li><li>Four \u00e0 sandwichs<\/li><li>Four \u00e0 raclette<\/li><li>R\u00e9chaud \u00e0 fondue<\/li><li>Bouilloire \u00e9lectrique<\/li><li>Machine \u00e0 caf\u00e9 Nespresso<\/li><li>Linge de table et de cuisine<\/li><li>Radio num\u00e9rique<\/li><\/ul><h4>Dormir<\/h4><ul><li>2 chambres avec deux lits simples (chacun 90x180cm)<\/li><li>Lingerie de lit<\/li><li>Lit b\u00e9b\u00e9 sur demande<\/li><\/ul><h4>Salle de bain<\/h4><ul><li>Salle de bain avec baignoire et WC<\/li><li>Lavabo<\/li><li>Lingerie de toilette<\/li><li>S\u00e8che-cheveux<\/li><\/ul>\t\t\t\t\t\t\t\t<\/div>\n\t\t\t\t<\/div>\n\t\t\t\t<\/div>\n\t\t\t\t\t<\/div>\n\t\t\t\t<\/section>\n\t\t<section class=\"elementor-element elementor-element-0404571 e-con-full mapsection e-flex e-con e-parent\" data-id=\"0404571\" data-element_type=\"container\">\n\t\t\t\t<div class=\"elementor-element elementor-element-830f35d elementor-widget elementor-widget-google_maps\" data-id=\"830f35d\" data-element_type=\"widget\" data-widget_type=\"google_maps.default\">\n\t\t\t\t<div class=\"elementor-widget-container\">\n\t\t\t\t\t\t\t<div class=\"elementor-custom-embed\">\n\t\t\t<iframe loading=\"lazy\"\n\t\t\t\t\tsrc=\"https:\/\/maps.google.com\/maps?q=saasunia&#038;t=m&#038;z=16&#038;output=embed&#038;iwloc=near\"\n\t\t\t\t\ttitle=\"saasunia\"\n\t\t\t\t\taria-label=\"saasunia\"\n\t\t\t><\/iframe>\n\t\t<\/div>\n\t\t\t\t\t\t<\/div>\n\t\t\t\t<\/div>\n\t\t\t\t<\/section>\n\t\t\t\t<\/div>\n\t\t","protected":false},"excerpt":{"rendered":"<p>Appartement Standard Confortable appartement mansard\u00e9 avec beaucoup de charme Equipement Appartement de 3 \u00bd pi\u00e8ces au dernier \u00e9tage pour max. 5 personnes(80 m2) Habiter Salle de s\u00e9jour avec canap\u00e9 Lit pliant mural TV \u00e0 \u00e9cran plat avec SAT-TV WIFI Jeux pour les enfants et jeux de soci\u00e9t\u00e9 Cuisine Table \u00e0 manger avec banquette Four Table [&hellip;]<\/p>\n","protected":false},"author":1,"featured_media":0,"parent":1286,"menu_order":0,"comment_status":"closed","ping_status":"closed","template":"","meta":{"footnotes":""},"class_list":["post-1193","page","type-page","status-publish","hentry"],"_links":{"self":[{"href":"https:\/\/www.saasunia.ch\/fr\/wp-json\/wp\/v2\/pages\/1193","targetHints":{"allow":["GET"]}}],"collection":[{"href":"https:\/\/www.saasunia.ch\/fr\/wp-json\/wp\/v2\/pages"}],"about":[{"href":"https:\/\/www.saasunia.ch\/fr\/wp-json\/wp\/v2\/types\/page"}],"author":[{"embeddable":true,"href":"https:\/\/www.saasunia.ch\/fr\/wp-json\/wp\/v2\/users\/1"}],"replies":[{"embeddable":true,"href":"https:\/\/www.saasunia.ch\/fr\/wp-json\/wp\/v2\/comments?post=1193"}],"version-history":[{"count":25,"href":"https:\/\/www.saasunia.ch\/fr\/wp-json\/wp\/v2\/pages\/1193\/revisions"}],"predecessor-version":[{"id":2413,"href":"https:\/\/www.saasunia.ch\/fr\/wp-json\/wp\/v2\/pages\/1193\/revisions\/2413"}],"up":[{"embeddable":true,"href":"https:\/\/www.saasunia.ch\/fr\/wp-json\/wp\/v2\/pages\/1286"}],"wp:attachment":[{"href":"https:\/\/www.saasunia.ch\/fr\/wp-json\/wp\/v2\/media?parent=1193"}],"curies":[{"name":"wp","href":"https:\/\/api.w.org\/{rel}","templated":true}]}}